{"id":1071,"date":"2015-12-14T07:14:55","date_gmt":"2015-12-14T07:14:55","guid":{"rendered":"http:\/\/consulting.stylemixthemes.com\/?page_id=2"},"modified":"2022-01-06T17:46:46","modified_gmt":"2022-01-06T17:46:46","slug":"santeria-cdmx-la-mejor-opcion-de-santeria-en-cdmx","status":"publish","type":"page","link":"https:\/\/santeriacdmx.com\/","title":{"rendered":"Santeria CDMX"},"content":{"rendered":"<p>[vc_row][vc_column][rev_slider_vc alias=&#8221;main_slider&#8221;][\/vc_column][\/vc_row][vc_row][vc_column][stm_spacing lg_spacing=&#8221;103&#8243; md_spacing=&#8221;103&#8243; sm_spacing=&#8221;60&#8243; xs_spacing=&#8221;40&#8243;][vc_row_inner][vc_column_inner offset=&#8221;vc_col-lg-6 vc_col-md-6&#8243;][vc_custom_heading stripe_pos=&#8221;hide&#8221; text=&#8221;Ile Ona Ire&#8221; use_theme_fonts=&#8221;yes&#8221; css=&#8221;.vc_custom_1633119217332{margin-bottom: 10px !important;}&#8221;][vc_btn title=&#8221;Con\u00f3cenos&#8221; style=&#8221;flat&#8221; shape=&#8221;square&#8221; color=&#8221;theme_style_3&#8243; size=&#8221;xs&#8221; align=&#8221;left&#8221; link=&#8221;url:%2Fabout-layout-2%2F|title:Services||&#8221; css=&#8221;.vc_custom_1630894652347{margin-top: -6px !important;margin-bottom: 45px !important;}&#8221;][\/vc_column_inner][vc_column_inner offset=&#8221;vc_col-lg-6 vc_col-md-6&#8243;][vc_column_text css=&#8221;.vc_custom_1630894727107{padding-top: 2px !important;}&#8221;]<\/p>\n<p style=\"color: #243238; font-size: 24px; line-height: 32px;\">Conoce al m\u00e1ximo la religi\u00f3n Yoruba con la correcta practica de la misma.<\/p>\n<p>[\/vc_column_text][\/vc_column_inner][\/vc_row_inner][stm_spacing lg_spacing=&#8221;32&#8243; md_spacing=&#8221;32&#8243; sm_spacing=&#8221;50&#8243; xs_spacing=&#8221;50&#8243;][\/vc_column][\/vc_row][vc_row][vc_column width=&#8221;1\/6&#8243;][vc_single_image image=&#8221;7052&#8243; css_animation=&#8221;appear&#8221;][\/vc_column][vc_column width=&#8221;1\/6&#8243;][vc_single_image image=&#8221;7055&#8243; css_animation=&#8221;appear&#8221;][\/vc_column][vc_column width=&#8221;1\/6&#8243;][vc_single_image image=&#8221;7056&#8243; css_animation=&#8221;appear&#8221;][\/vc_column][vc_column width=&#8221;1\/6&#8243;][vc_single_image image=&#8221;7051&#8243; css_animation=&#8221;appear&#8221;][\/vc_column][vc_column width=&#8221;1\/6&#8243;][vc_single_image image=&#8221;7047&#8243; css_animation=&#8221;appear&#8221;][\/vc_column][vc_column width=&#8221;1\/6&#8243;][vc_single_image image=&#8221;7048&#8243; css_animation=&#8221;appear&#8221;][\/vc_column][\/vc_row][vc_row full_width=&#8221;stretch_row_content&#8221; css=&#8221;.vc_custom_1631195897050{margin-top: 0px !important;background-color: #f4f6f7 !important;background-position: center !important;background-repeat: no-repeat !important;background-size: cover !important;}&#8221; el_id=&#8221;nosotros&#8221;][vc_column][stm_spacing lg_spacing=&#8221;86&#8243; md_spacing=&#8221;86&#8243; sm_spacing=&#8221;60&#8243; xs_spacing=&#8221;40&#8243;][vc_custom_heading stripe_pos=&#8221;hide&#8221; text=&#8221;Lib\u00e9rate de todas las envidias y todas las malas<br \/>\nvibras con nuestros trabajos&#8221; font_container=&#8221;tag:h3|text_align:center&#8221; use_theme_fonts=&#8221;yes&#8221; css=&#8221;.vc_custom_1630896452901{margin-bottom: 10px !important;}&#8221;][vc_btn title=&#8221;Servicios&#8221; style=&#8221;flat&#8221; shape=&#8221;square&#8221; color=&#8221;theme_style_3&#8243; size=&#8221;lg&#8221; align=&#8221;center&#8221; link=&#8221;url:%2Fservices-grid%2F|title:Services||&#8221; css=&#8221;.vc_custom_1630896401592{margin-top: 20px !important;margin-bottom: 45px !important;}&#8221;][stm_spacing lg_spacing=&#8221;80&#8243; md_spacing=&#8221;80&#8243; sm_spacing=&#8221;60&#8243; xs_spacing=&#8221;50&#8243;][\/vc_column][\/vc_row][vc_row full_width=&#8221;stretch_row&#8221; equal_height=&#8221;yes&#8221; css=&#8221;.vc_custom_1521109130345{background-color: #d7562d !important;}&#8221;][vc_column stretch=&#8221;left&#8221; width=&#8221;1\/2&#8243; css=&#8221;.vc_custom_1630897709953{background: #243238 url(https:\/\/santeriacdmx.com\/wp-content\/uploads\/2021\/09\/iamgen-grande-santeriacdmx.com_-300&#215;300-1.jpg?id=7062) !important;background-position: center !important;background-repeat: no-repeat !important;background-size: cover !important;}&#8221; offset=&#8221;vc_hidden-xs&#8221;][\/vc_column][vc_column width=&#8221;1\/2&#8243;][stm_spacing lg_spacing=&#8221;98&#8243; md_spacing=&#8221;98&#8243; sm_spacing=&#8221;60&#8243; xs_spacing=&#8221;40&#8243;][stm_animation_block animation=&#8221;fadeInRight&#8221; animation_duration=&#8221;0.5&#8243; animation_delay=&#8221;0&#8243;][vc_row_inner][vc_column_inner width=&#8221;1\/12&#8243;][\/vc_column_inner][vc_column_inner width=&#8221;11\/12&#8243;][vc_btn title=&#8221;Haz una consulta!&#8221; style=&#8221;flat&#8221; shape=&#8221;square&#8221; color=&#8221;theme_style_1&#8243; size=&#8221;xs&#8221; link=&#8221;url:%2Four-work-grid%2F|||&#8221; css=&#8221;.vc_custom_1630897563032{margin-bottom: 17px !important;}&#8221;][vc_custom_heading stripe_pos=&#8221;hide&#8221; text=&#8221;Consultas de caracol, cartas, ekuele.&#8221; font_container=&#8221;tag:h3|text_align:left|color:%23ffffff&#8221; use_theme_fonts=&#8221;yes&#8221; css=&#8221;.vc_custom_1630897573838{margin-bottom: 29px !important;}&#8221;][vc_column_text css=&#8221;.vc_custom_1630897654546{margin-bottom: 29px !important;}&#8221;]<span style=\"color: #ffffff; font-size: 16px; line-height: 26px;\">Las consultas tienen la finalidad de saber qu\u00e9 es lo que est\u00e1 pasando la persona, \u00bfPor qu\u00e9 est\u00e1 pasando por todo esto? Y que es lo que debe hacer para mejorar la situaci\u00f3n.<br \/>\nEn las consultas se brinda todo tipo de informaci\u00f3n tanto para la persona como para las personas que lo rodean, su casa, su trabajo, salud, amor inclusive en situaciones del pasado de la persona, todo este tipo de situaciones estar\u00e1n siendo brindadas en la consulta.<br \/>\n<\/span>[\/vc_column_text][vc_btn title=&#8221;Ver m\u00e1s&#8221; style=&#8221;flat&#8221; shape=&#8221;square&#8221; color=&#8221;white_link&#8221; i_align=&#8221;right&#8221; i_icon_fontawesome=&#8221;stm-amsterdam-arrow&#8221; add_icon=&#8221;true&#8221; link=&#8221;url:%23&#8243;][\/vc_column_inner][\/vc_row_inner][\/stm_animation_block][stm_spacing lg_spacing=&#8221;110&#8243; md_spacing=&#8221;110&#8243; sm_spacing=&#8221;60&#8243; xs_spacing=&#8221;40&#8243;][\/vc_column][\/vc_row][vc_row full_width=&#8221;stretch_row&#8221; css=&#8221;.vc_custom_1631195915327{background-image: url(https:\/\/santeriacdmx.com\/wp-content\/uploads\/2021\/09\/fondo-santeriacdmx.com_-1536&#215;1024-1.jpg?id=7065) !important;}&#8221; el_class=&#8221;overlay fixed_bg&#8221; el_id=&#8221;servicios&#8221;][vc_column][stm_spacing lg_spacing=&#8221;142&#8243; md_spacing=&#8221;142&#8243; sm_spacing=&#8221;60&#8243; xs_spacing=&#8221;40&#8243;][vc_row_inner][vc_column_inner width=&#8221;1\/12&#8243; offset=&#8221;vc_col-lg-3 vc_col-md-3 vc_hidden-xs&#8221;][\/vc_column_inner][vc_column_inner width=&#8221;5\/6&#8243; offset=&#8221;vc_col-lg-6 vc_col-md-6 vc_col-xs-12&#8243;][vc_custom_heading stripe_pos=&#8221;hide&#8221; text=&#8221;Nuestros trabajos&#8221; font_container=&#8221;tag:h3|text_align:center|color:%23ffffff&#8221; use_theme_fonts=&#8221;yes&#8221;][\/vc_column_inner][vc_column_inner width=&#8221;1\/12&#8243; offset=&#8221;vc_col-lg-3 vc_col-md-3 vc_hidden-xs&#8221;][\/vc_column_inner][\/vc_row_inner][stm_spacing lg_spacing=&#8221;65&#8243; md_spacing=&#8221;65&#8243; sm_spacing=&#8221;30&#8243; xs_spacing=&#8221;20&#8243;][vc_row_inner][vc_column_inner width=&#8221;1\/4&#8243; offset=&#8221;vc_col-lg-3 vc_col-md-3 vc_col-xs-12&#8243;][vc_column_text]<\/p>\n<h3 style=\"text-align: center;\"><span style=\"color: #ffffff;\">Amarre<\/span><\/h3>\n<p>[\/vc_column_text][vc_column_text]<\/p>\n<p style=\"text-align: center;\"><span style=\"color: #ffffff;\">Se hacen amarres para atraer al ser amado, con el ceremonial se har\u00e1 que la persona interesada siempre piense en uno, siempre tenga la necesidad de buscarnos, que la idea de la felicidad siempre la tendr\u00e1 con nosotros y que vuelva a acercarse a nosotros.\u00a0<\/span><\/p>\n<p>[\/vc_column_text][\/vc_column_inner][vc_column_inner width=&#8221;1\/4&#8243; offset=&#8221;vc_col-lg-3 vc_col-md-3 vc_col-xs-12&#8243;][vc_column_text]<\/p>\n<h3 style=\"text-align: center;\"><span style=\"color: #ffffff;\">Consulta con Ekuele<\/span><\/h3>\n<p>[\/vc_column_text][vc_column_text]<\/p>\n<p style=\"text-align: center;\"><span style=\"color: #ffffff;\">Esta es realizada con un Babalawo que con el or\u00e1culo de IFA (Ekuele) realiza la adivinaci\u00f3n del consultante, ifa es el orisha encargado de conocer el destino en la tierra de todos los seres humanos, destino que siempre ser\u00e1 bueno pero las vicisitudes<br \/>\nde la vida como la brujeria y las maldiciones hacen que nos alejemos de este buen destino. <\/span><\/p>\n<p>[\/vc_column_text][\/vc_column_inner][vc_column_inner width=&#8221;1\/4&#8243; offset=&#8221;vc_col-lg-3 vc_col-md-3 vc_col-xs-12&#8243;][vc_column_text]<\/p>\n<h3 style=\"text-align: center;\"><span style=\"color: #ffffff;\">Protecciones<\/span><\/h3>\n<p>[\/vc_column_text][vc_column_text]<\/p>\n<p style=\"text-align: center;\"><span style=\"color: #ffffff;\">Collares, pulseras todo tipo de ceremonias para proteger a las personas fundamentadas con las personas fundamentadas con ceremonia, cada persona tiene la protecci\u00f3n en especifico que le ayuda a cada situaci\u00f3n especifica de su vida. <\/span><\/p>\n<p>[\/vc_column_text][\/vc_column_inner][vc_column_inner width=&#8221;1\/4&#8243; offset=&#8221;vc_col-lg-3 vc_col-md-3 vc_col-xs-12&#8243;][vc_column_text]<\/p>\n<h3 style=\"text-align: center;\"><span style=\"color: #ffffff;\">Limpias<\/span><\/h3>\n<p>[\/vc_column_text][vc_column_text]<\/p>\n<p style=\"text-align: center;\"><span style=\"color: #ffffff;\">Las l\u00edneas nos ayudan a desprender todo este tipo de energ\u00edas negativas, una vez que nuestra energ\u00eda esta limpia todo empieza a fluir correctamente. (Personas, Autos, Casas, Negocios, etc.) <\/span><\/p>\n<p>[\/vc_column_text][\/vc_column_inner][\/vc_row_inner][vc_row_inner css=&#8221;.vc_custom_1630901654316{margin-top: 30px !important;}&#8221;][vc_column_inner width=&#8221;1\/4&#8243; offset=&#8221;vc_col-lg-3 vc_col-md-3 vc_col-xs-12&#8243;][vc_column_text]<\/p>\n<h3 style=\"text-align: center;\"><span style=\"color: #ffffff;\">Lectura de caracoles<\/span><\/h3>\n<p>[\/vc_column_text][vc_column_text]<\/p>\n<p style=\"text-align: center;\"><span style=\"color: #ffffff;\">Este se realiza por medio de Diloggun (caracol) en Eleggua, orisha encargado de presentar ante nosotros toda la situacion de la persona, Oshina de los caminos, que tiene la llave de todos estos para abrirlos y cerrarlos a voluntad. <\/span><\/p>\n<p>[\/vc_column_text][\/vc_column_inner][vc_column_inner width=&#8221;1\/4&#8243; offset=&#8221;vc_col-lg-3 vc_col-md-3 vc_col-xs-12&#8243;][vc_column_text]<\/p>\n<h3 style=\"text-align: center;\"><span style=\"color: #ffffff;\">Lectura de cartas<\/span><\/h3>\n<p>[\/vc_column_text][vc_column_text]<\/p>\n<p style=\"text-align: center;\"><span style=\"color: #ffffff;\">Esta se realiza con un tarotista que tiene el estudio para la correcta interpretaci\u00f3n en las cartas as\u00ed como la espiritualidad para poder ser eficaz a la hora de brindar el apoyo al consultarte.<\/span><\/p>\n<p>[\/vc_column_text][\/vc_column_inner][vc_column_inner width=&#8221;1\/4&#8243; offset=&#8221;vc_col-lg-3 vc_col-md-3 vc_col-xs-12&#8243;][vc_column_text]<\/p>\n<h3 style=\"text-align: center;\"><span style=\"color: #ffffff;\">Entrega de santos<\/span><\/h3>\n<p>[\/vc_column_text][vc_column_text]<\/p>\n<p style=\"text-align: center;\"><span style=\"color: #ffffff;\">Entrega de guerreros, orishas de adimu, collares. Los guerreros son los primeros Orishas que debe recibir y aleyo interesado en traer a la regla de osha, estos orishas van a ser los primeros en ayudar a la persona, dando protecci\u00f3n, apoyo, abriendo caminos y brindando su bendici\u00f3n para con la persona.<\/span><\/p>\n<p>[\/vc_column_text][\/vc_column_inner][vc_column_inner width=&#8221;1\/4&#8243; offset=&#8221;vc_col-lg-3 vc_col-md-3 vc_col-xs-12&#8243;][vc_column_text]<\/p>\n<h3 style=\"text-align: center;\"><span style=\"color: #ffffff;\">Iniciaciones<\/span><\/h3>\n<p>[\/vc_column_text][vc_column_text]<\/p>\n<p style=\"text-align: center;\"><span style=\"color: #ffffff;\">Coronacion del santo. (Yoko Osha) la iniciacion mas importante de la regla de osha. Cada persona tiene un Orisha Alagbatori, este Orisha es lo que se conoce como el Angel de la guarda de cada uno y este es el Orisha que se corona. A partir de esta seremonia la persona pasa a ser de &#8220;Aleyo&#8221; (creyente) a iyawo (iniciado) en la regla de Osha. <\/span><\/p>\n<p>[\/vc_column_text][\/vc_column_inner][\/vc_row_inner][vc_row_inner css=&#8221;.vc_custom_1630901664402{margin-top: 30px !important;margin-bottom: 30px !important;}&#8221;][vc_column_inner width=&#8221;1\/4&#8243; offset=&#8221;vc_col-lg-3 vc_col-md-3 vc_col-xs-12&#8243;][vc_column_text]<\/p>\n<h3 style=\"text-align: center;\"><span style=\"color: #ffffff;\">Rayamientos (Palo aayompe)<\/span><\/h3>\n<p>[\/vc_column_text][vc_column_text]<\/p>\n<p style=\"text-align: center;\"><span style=\"color: #ffffff;\">El rayamiento de Ngueyo es la protecci\u00f3n y primera iniciaci\u00f3n principal de todo Ngangulero, a partir de este se ligara la energ\u00eda del iniciado con los Nfumbes y Npungo, es un pacto donde los esp\u00edritus acuerdan proteger y levantar la situaci\u00f3n de la persona iniciada sin importar quien sea y a la maxima brevedad. <\/span><\/p>\n<p>[\/vc_column_text][\/vc_column_inner][vc_column_inner width=&#8221;1\/4&#8243; offset=&#8221;vc_col-lg-3 vc_col-md-3 vc_col-xs-12&#8243;][vc_column_text]<\/p>\n<h3 style=\"text-align: center;\"><span style=\"color: #ffffff;\">Toque de caj\u00f3n y guiro<\/span><\/h3>\n<p>[\/vc_column_text][vc_column_text]<\/p>\n<p style=\"text-align: center;\"><span style=\"color: #ffffff;\">Contaos con m\u00fasicos para el toque a sus Orishas o Ngangas o esp\u00edritus para agradecerles alg\u00fan favor obtenido o para una petici\u00f3n realmente fuerte, como vencer en alguna dificultad grande. <\/span><\/p>\n<p>[\/vc_column_text][\/vc_column_inner][vc_column_inner width=&#8221;1\/4&#8243; offset=&#8221;vc_col-lg-3 vc_col-md-3 vc_col-xs-12&#8243;][vc_column_text]<\/p>\n<h3 style=\"text-align: center;\"><span style=\"color: #ffffff;\">Clases de percusi\u00f3n religiosa.<\/span><\/h3>\n<p>[\/vc_column_text][vc_column_text]<\/p>\n<p style=\"text-align: center;\"><span style=\"color: #ffffff;\">Contaos con clases de percucion donde aprender\u00e1s a tocar instrumentos como el tambor, (congas), claves, cencerro, redoba, campanas, etc. Se ense\u00f1an toques que pueden ser utilizados en una misa espiritual, en una ceremonia del palo mayombe o hasta un toque a los orishas conbel shequere y las congas.<\/span><\/p>\n<p>[\/vc_column_text][\/vc_column_inner][vc_column_inner width=&#8221;1\/4&#8243; offset=&#8221;vc_col-lg-3 vc_col-md-3 vc_col-xs-12&#8243;][vc_column_text]<\/p>\n<h3 style=\"text-align: center;\"><span style=\"color: #ffffff;\">Desarrollo espiritual<\/span><\/h3>\n<p>[\/vc_column_text][vc_column_text]<\/p>\n<p style=\"text-align: center;\"><span style=\"color: #ffffff;\">Las clases de desarrollo espiritual son cesiones en las cuales se desarrolla a la materia (persona) para mejorar su percepci\u00f3n espiritual, su desarrollo, y si es que se tiene el camino, tambi\u00e9n se le prepara para bajar muerto. <\/span><\/p>\n<p>[\/vc_column_text][\/vc_column_inner][\/vc_row_inner][\/vc_column][\/vc_row][vc_row][vc_column offset=&#8221;vc_col-lg-6 vc_col-md-6&#8243;][stm_spacing lg_spacing=&#8221;75&#8243; md_spacing=&#8221;75&#8243; sm_spacing=&#8221;60&#8243; xs_spacing=&#8221;40&#8243;][stm_animation_block animation=&#8221;fadeInLeft&#8221; animation_duration=&#8221;0.5&#8243; animation_delay=&#8221;0.3&#8243;][vc_custom_heading stripe_pos=&#8221;hide&#8221; text=&#8221;Misas espirituales&#8221; font_container=&#8221;tag:h3|text_align:left&#8221; use_theme_fonts=&#8221;yes&#8221;][\/stm_animation_block][stm_spacing lg_spacing=&#8221;15&#8243; md_spacing=&#8221;15&#8243; sm_spacing=&#8221;10&#8243; xs_spacing=&#8221;10&#8243;][vc_row_inner][vc_column_inner offset=&#8221;vc_col-lg-11 vc_col-md-11&#8243;][stm_animation_block animation=&#8221;fadeInLeft&#8221; animation_duration=&#8221;0.5&#8243; animation_delay=&#8221;0.3&#8243;][vc_video link=&#8221;https:\/\/www.youtube.com\/watch?v=x-LF221JuKU&#8221; align=&#8221;center&#8221; size=&#8221;493&#8243; height_size=&#8221;300&#8243; image=&#8221;7065&#8243; img_size=&#8221;720&#215;439&#8243;][\/stm_animation_block][\/vc_column_inner][vc_column_inner width=&#8221;1\/12&#8243; offset=&#8221;vc_hidden-sm vc_hidden-xs&#8221;][\/vc_column_inner][\/vc_row_inner][stm_spacing lg_spacing=&#8221;107&#8243; md_spacing=&#8221;107&#8243; sm_spacing=&#8221;0&#8243; xs_spacing=&#8221;0&#8243;][\/vc_column][vc_column offset=&#8221;vc_col-lg-6 vc_col-md-6&#8243;][stm_spacing lg_spacing=&#8221;75&#8243; md_spacing=&#8221;75&#8243; sm_spacing=&#8221;40&#8243; xs_spacing=&#8221;40&#8243;][stm_animation_block animation=&#8221;fadeInUp&#8221; animation_duration=&#8221;0.5&#8243; animation_delay=&#8221;0.2&#8243;][vc_custom_heading stripe_pos=&#8221;hide&#8221; text=&#8221;Informaci\u00f3n.&#8221; font_container=&#8221;tag:h3|text_align:left&#8221; use_theme_fonts=&#8221;yes&#8221;][\/stm_animation_block][stm_spacing lg_spacing=&#8221;14&#8243; md_spacing=&#8221;14&#8243; sm_spacing=&#8221;10&#8243; xs_spacing=&#8221;10&#8243;][vc_row_inner][vc_column_inner][stm_animation_block animation=&#8221;fadeInUp&#8221; animation_duration=&#8221;0.5&#8243; animation_delay=&#8221;0.2&#8243;][vc_column_text]Contamos con Mediums para conocer cualquier tipo de situaci\u00f3n espiritual. Si en la noche se siente que ni se tiene descanso, que alguien nos observa, que tenemos preocupaciones que no pasan o sue\u00f1os, esta es la herramienta religiosa utilizada para mejorar la situaci\u00f3n y ascender espiritualmente.<\/p>\n<p>Los esp\u00edritus tambi\u00e9n determinan muchas de las cosas que hacemos, gustos que tenemos o hasta actitudes nuestras, en una misa espiritual que da a luz todo ese tipo de respuestas que busca el interesado o que viene mas de un plano espiritual, dictaminado por energ\u00edas que est\u00e1n con cada uno de nosotros desde antes incluso de nacer.[\/vc_column_text][\/stm_animation_block][stm_spacing lg_spacing=&#8221;27&#8243; md_spacing=&#8221;27&#8243; sm_spacing=&#8221;27&#8243; xs_spacing=&#8221;20&#8243;][\/vc_column_inner][\/vc_row_inner][\/vc_column][\/vc_row]<\/p>\n","protected":false},"excerpt":{"rendered":"<p>[vc_row][vc_column][rev_slider_vc alias=&#8221;main_slider&#8221;][\/vc_column][\/vc_row][vc_row][vc_column][stm_spacing lg_spacing=&#8221;103&#8243; md_spacing=&#8221;103&#8243; sm_spacing=&#8221;60&#8243; xs_spacing=&#8221;40&#8243;][vc_row_inner][vc_column_inner offset=&#8221;vc_col-lg-6 vc_col-md-6&#8243;][vc_custom_heading stripe_pos=&#8221;hide&#8221; text=&#8221;Ile Ona Ire&#8221; use_theme_fonts=&#8221;yes&#8221; css=&#8221;.vc_custom_1633119217332{margin-bottom: 10px !important;}&#8221;][vc_btn title=&#8221;Con\u00f3cenos&#8221; style=&#8221;flat&#8221; shape=&#8221;square&#8221; color=&#8221;theme_style_3&#8243; size=&#8221;xs&#8221; align=&#8221;left&#8221; link=&#8221;url:%2Fabout-layout-2%2F|title:Services||&#8221; css=&#8221;.vc_custom_1630894652347{margin-top: -6px !important;margin-bottom: 45px !important;}&#8221;][\/vc_column_inner][vc_column_inner offset=&#8221;vc_col-lg-6 vc_col-md-6&#8243;][vc_column_text css=&#8221;.vc_custom_1630894727107{padding-top: 2px !important;}&#8221;] Conoce al m\u00e1ximo la religi\u00f3n Yoruba con la correcta practica de la misma. [\/vc_column_text][\/vc_column_inner][\/vc_row_inner][stm_spacing lg_spacing=&#8221;32&#8243; md_spacing=&#8221;32&#8243; sm_spacing=&#8221;50&#8243; xs_spacing=&#8221;50&#8243;][\/vc_column][\/vc_row][vc_row][vc_column width=&#8221;1\/6&#8243;][vc_single_image image=&#8221;7052&#8243; css_animation=&#8221;appear&#8221;][\/vc_column][vc_column width=&#8221;1\/6&#8243;][vc_single_image<\/p>\n","protected":false},"author":1,"featured_media":0,"parent":0,"menu_order":0,"comment_status":"closed","ping_status":"closed","template":"","meta":{"om_disable_all_campaigns":false,"_monsterinsights_skip_tracking":false,"_monsterinsights_sitenote_active":false,"_monsterinsights_sitenote_note":"","_monsterinsights_sitenote_category":0,"footnotes":""},"yoast_head":"<!-- This site is optimized with the Yoast SEO plugin v17.8 - https:\/\/yoast.com\/wordpress\/plugins\/seo\/ -->\n<title>Santer\u00eda CDMX La mejor opci\u00f3n de Santer\u00eda en CDMX<\/title>\n<meta name=\"description\" content=\"Lib\u00e9rate de todas las envidias y todas las malas vibras con nuestros trabajos, Santer\u00eda CDMX La mejor opci\u00f3n de Santer\u00eda en CDMX\" \/>\n<meta name=\"robots\" content=\"index, follow, max-snippet:-1, max-image-preview:large, max-video-preview:-1\" \/>\n<link rel=\"canonical\" href=\"https:\/\/santeriacdmx.com\/\" \/>\n<meta property=\"og:locale\" content=\"en_US\" \/>\n<meta property=\"og:type\" content=\"article\" \/>\n<meta property=\"og:title\" content=\"Santer\u00eda CDMX La mejor opci\u00f3n de Santer\u00eda en CDMX\" \/>\n<meta property=\"og:description\" content=\"Lib\u00e9rate de todas las envidias y todas las malas vibras con nuestros trabajos, Santer\u00eda CDMX La mejor opci\u00f3n de Santer\u00eda en CDMX\" \/>\n<meta property=\"og:url\" content=\"https:\/\/santeriacdmx.com\/\" \/>\n<meta property=\"og:site_name\" content=\"Santer\u00eda\" \/>\n<meta property=\"article:modified_time\" content=\"2022-01-06T17:46:46+00:00\" \/>\n<meta name=\"twitter:card\" content=\"summary_large_image\" \/>\n<meta name=\"twitter:label1\" content=\"Est. reading time\" \/>\n\t<meta name=\"twitter:data1\" content=\"10 minutes\" \/>\n<script type=\"application\/ld+json\" class=\"yoast-schema-graph\">{\"@context\":\"https:\/\/schema.org\",\"@graph\":[{\"@type\":\"WebSite\",\"@id\":\"https:\/\/santeriacdmx.com\/#website\",\"url\":\"https:\/\/santeriacdmx.com\/\",\"name\":\"Santer\\u00eda\",\"description\":\"Santer\\u00eda CDMX\",\"potentialAction\":[{\"@type\":\"SearchAction\",\"target\":{\"@type\":\"EntryPoint\",\"urlTemplate\":\"https:\/\/santeriacdmx.com\/?s={search_term_string}\"},\"query-input\":\"required name=search_term_string\"}],\"inLanguage\":\"en-US\"},{\"@type\":\"WebPage\",\"@id\":\"https:\/\/santeriacdmx.com\/#webpage\",\"url\":\"https:\/\/santeriacdmx.com\/\",\"name\":\"Santer\\u00eda CDMX La mejor opci\\u00f3n de Santer\\u00eda en CDMX\",\"isPartOf\":{\"@id\":\"https:\/\/santeriacdmx.com\/#website\"},\"datePublished\":\"2015-12-14T07:14:55+00:00\",\"dateModified\":\"2022-01-06T17:46:46+00:00\",\"description\":\"Lib\\u00e9rate de todas las envidias y todas las malas vibras con nuestros trabajos, Santer\\u00eda CDMX La mejor opci\\u00f3n de Santer\\u00eda en CDMX\",\"breadcrumb\":{\"@id\":\"https:\/\/santeriacdmx.com\/#breadcrumb\"},\"inLanguage\":\"en-US\",\"potentialAction\":[{\"@type\":\"ReadAction\",\"target\":[\"https:\/\/santeriacdmx.com\/\"]}]},{\"@type\":\"BreadcrumbList\",\"@id\":\"https:\/\/santeriacdmx.com\/#breadcrumb\",\"itemListElement\":[{\"@type\":\"ListItem\",\"position\":1,\"name\":\"Inicio\",\"item\":\"https:\/\/santeriacdmx.com\/\"},{\"@type\":\"ListItem\",\"position\":2,\"name\":\"Santeria CDMX\"}]}]}<\/script>\n<!-- \/ Yoast SEO plugin. -->","yoast_head_json":{"title":"Santer\u00eda CDMX La mejor opci\u00f3n de Santer\u00eda en CDMX","description":"Lib\u00e9rate de todas las envidias y todas las malas vibras con nuestros trabajos, Santer\u00eda CDMX La mejor opci\u00f3n de Santer\u00eda en CDMX","robots":{"index":"index","follow":"follow","max-snippet":"max-snippet:-1","max-image-preview":"max-image-preview:large","max-video-preview":"max-video-preview:-1"},"canonical":"https:\/\/santeriacdmx.com\/","og_locale":"en_US","og_type":"article","og_title":"Santer\u00eda CDMX La mejor opci\u00f3n de Santer\u00eda en CDMX","og_description":"Lib\u00e9rate de todas las envidias y todas las malas vibras con nuestros trabajos, Santer\u00eda CDMX La mejor opci\u00f3n de Santer\u00eda en CDMX","og_url":"https:\/\/santeriacdmx.com\/","og_site_name":"Santer\u00eda","article_modified_time":"2022-01-06T17:46:46+00:00","twitter_card":"summary_large_image","twitter_misc":{"Est. reading time":"10 minutes"},"schema":{"@context":"https:\/\/schema.org","@graph":[{"@type":"WebSite","@id":"https:\/\/santeriacdmx.com\/#website","url":"https:\/\/santeriacdmx.com\/","name":"Santer\u00eda","description":"Santer\u00eda CDMX","potentialAction":[{"@type":"SearchAction","target":{"@type":"EntryPoint","urlTemplate":"https:\/\/santeriacdmx.com\/?s={search_term_string}"},"query-input":"required name=search_term_string"}],"inLanguage":"en-US"},{"@type":"WebPage","@id":"https:\/\/santeriacdmx.com\/#webpage","url":"https:\/\/santeriacdmx.com\/","name":"Santer\u00eda CDMX La mejor opci\u00f3n de Santer\u00eda en CDMX","isPartOf":{"@id":"https:\/\/santeriacdmx.com\/#website"},"datePublished":"2015-12-14T07:14:55+00:00","dateModified":"2022-01-06T17:46:46+00:00","description":"Lib\u00e9rate de todas las envidias y todas las malas vibras con nuestros trabajos, Santer\u00eda CDMX La mejor opci\u00f3n de Santer\u00eda en CDMX","breadcrumb":{"@id":"https:\/\/santeriacdmx.com\/#breadcrumb"},"inLanguage":"en-US","potentialAction":[{"@type":"ReadAction","target":["https:\/\/santeriacdmx.com\/"]}]},{"@type":"BreadcrumbList","@id":"https:\/\/santeriacdmx.com\/#breadcrumb","itemListElement":[{"@type":"ListItem","position":1,"name":"Inicio","item":"https:\/\/santeriacdmx.com\/"},{"@type":"ListItem","position":2,"name":"Santeria CDMX"}]}]}},"_links":{"self":[{"href":"https:\/\/santeriacdmx.com\/index.php\/wp-json\/wp\/v2\/pages\/1071"}],"collection":[{"href":"https:\/\/santeriacdmx.com\/index.php\/wp-json\/wp\/v2\/pages"}],"about":[{"href":"https:\/\/santeriacdmx.com\/index.php\/wp-json\/wp\/v2\/types\/page"}],"author":[{"embeddable":true,"href":"https:\/\/santeriacdmx.com\/index.php\/wp-json\/wp\/v2\/users\/1"}],"replies":[{"embeddable":true,"href":"https:\/\/santeriacdmx.com\/index.php\/wp-json\/wp\/v2\/comments?post=1071"}],"version-history":[{"count":21,"href":"https:\/\/santeriacdmx.com\/index.php\/wp-json\/wp\/v2\/pages\/1071\/revisions"}],"predecessor-version":[{"id":7095,"href":"https:\/\/santeriacdmx.com\/index.php\/wp-json\/wp\/v2\/pages\/1071\/revisions\/7095"}],"wp:attachment":[{"href":"https:\/\/santeriacdmx.com\/index.php\/wp-json\/wp\/v2\/media?parent=1071"}],"curies":[{"name":"wp","href":"https:\/\/api.w.org\/{rel}","templated":true}]}}